{"id":76,"date":"2018-08-23T11:36:52","date_gmt":"2018-08-23T09:36:52","guid":{"rendered":"https:\/\/www.investigazionitci.it\/?page_id=76"},"modified":"2018-08-23T11:41:51","modified_gmt":"2018-08-23T09:41:51","slug":"servizi","status":"publish","type":"page","link":"https:\/\/www.investigazionitci.it\/index.php\/servizi\/","title":{"rendered":"Servizi"},"content":{"rendered":"<p>[vc_row][vc_column][vc_column_text]Da oltre vent&#8217;anni la TCI S.r.l. opera nel settore della sicurezza e dei servizi investigativi, vantando una grande esperienza e un&#8217;ampia gamma di servizi.<\/p>\n<p><strong>Attivit\u00e0 d&#8217;indagine in ambito privato<\/strong><\/p>\n<ul>\n<li>Infedelt\u00e0 coniugale<\/li>\n<li>Verifica della capacit\u00e0 genitoriale<\/li>\n<li>Attivit\u00e0 e frequentazioni di figli minori<\/li>\n<li>Determinazione\/ revisione assegno di mantenimento dell&#8217;ex coniuge<\/li>\n<li>Indagini pre\/ post matrimoniali<\/li>\n<li>Ricerca persone scomparse<\/li>\n<\/ul>\n<p><strong>Attivit\u00e0 d&#8217;indagine difensiva<\/strong><\/p>\n<ul>\n<li>Individuazione di elementi probatori da far valere nell&#8217;ambito del processo penale<\/li>\n<\/ul>\n<p><strong>Attivit\u00e0 d&#8217;indagine in ambito aziendale e commerciale<\/strong><\/p>\n<ul>\n<li>Abuso legge 104<\/li>\n<li>Abuso del diritto all&#8217;assenza per malattia<\/li>\n<li>Assenteismo del dipendente<\/li>\n<li>Indebita utilizzazione di permessi sindacali<\/li>\n<li>Concorrenza sleale \/ violazione del patto di non concorrenza<\/li>\n<li>Spionaggio industriale<\/li>\n<li>Ammanchi di cassa<\/li>\n<li>Differenze inventariali<\/li>\n<li>Analisi del rischio con riguardo alla sicurezza aziendale<\/li>\n<li>Riorganizzazione aziendale, riduzione\/trasferimento dipendenti (con l&#8217;ausilio di un nostro legale del lavoro)<\/li>\n<li>Investigazioni penali e commerciali, anche con riferimento al recupero crediti<\/li>\n<\/ul>\n<p><strong>Attivit\u00e0 d&#8217;indagine in ambito assicurativo<\/strong><\/p>\n<ul>\n<li>Gestione sinistri<\/li>\n<li>Investigazioni antifrode per conto di numerose Compagnie Assicurative<\/li>\n<li>Consulenza e gestione sinistri per studi legali e privati<\/li>\n<\/ul>\n<p><strong>Attivit\u00e0 previste da leggi speciali<\/strong><\/p>\n<ul>\n<li>Servizi di controllo delle attivit\u00e0 di intrattenimento e spettacolo in luoghi aperti al pubblico\/pubblici servizi<\/li>\n<li>Sicurezza eventi Accompagnamento personalit\u00e0<\/li>\n<\/ul>\n<p>Il Governo e la gestione delle pubbliche manifestazioni sono soggetti a rigorose disposizioni emanate dal Ministero dell&#8217;Interno &#8211; Dipartimento della Pubblica Sicurezza.<\/p>\n<p>La <strong>TCI S.r.l.<\/strong>, in stretta collaborazione con organizzatori e Commissioni Tecniche di Vigilanza, valuta le possibili vulnerabilit\u00e0 connesse al tipo di evento al fine di garantire il corretto svolgimento della manifestazione a tutela dell&#8217;incolumit\u00e0 pubblica e della sicurezza dei partecipanti, con un orientamento flessibile in funzione della tipologia dell&#8217;avvenimento.<\/p>\n<p>Attraverso sopralluoghi e confronti con le professionalit\u00e0 eterogenee interessate, valuta preventivamente il rischio dal punto di vista della sicurezza.<\/p>\n<p>Il servizio di <strong>Sicurezza Eventi<\/strong> viene svolto con l&#8217;impiego di personale iscritto all&#8217;elenco prefettizio per l&#8217;espletamento dei servizi di &#8220;Security&#8221;, in possesso di attestato antincendio &#8211; rischio elevato- rilasciato dal Corpo Nazionale dei Vigili del Fuoco, della qualifica di Primo Soccorso e adeguatamente aggiornato sulle disposizioni in materia di manifestazioni pubbliche.<\/p>\n<p><strong>Servizi di portierato<\/strong><\/p>\n<ul>\n<li>Controllo accessi<\/li>\n<li>Indicazioni agli ospiti<\/li>\n<li>Controllo parcheggi<\/li>\n<li>Ispezioni dei locali dopo la chiusura<\/li>\n<\/ul>\n<p><strong>Bonifiche ambientali<\/strong><\/p>\n<ul>\n<li>Bonifiche microspie e cimici<\/li>\n<li>Bonifiche telefoni, smartphone, tablet, pc<\/li>\n<li>Bonifiche informatiche<\/li>\n<li>Bonifiche di uffici, case private, ambienti specifici<\/li>\n<\/ul>\n<p><strong>Servizi di Security &amp; Safety<\/strong><\/p>\n<p>Anche con riguardo a paesi esteri ad alto rischio, al fine di salvaguardare l&#8217;incolumit\u00e0 del personale impiegato e la sicurezza di installazioni, asset e quant&#8217;altro sia di interesse dell&#8217;azienda per il raggiungimento degli obiettivi prefissati.[\/vc_column_text][\/vc_column][\/vc_row]<\/p>\n","protected":false},"excerpt":{"rendered":"<p>[vc_row][vc_column][vc_column_text]Da oltre vent&#8217;anni la TCI S.r.l. opera nel settore della sicurezza e dei servizi investigativi, vantando una grande esperienza e un&#8217;ampia gamma di servizi. Attivit\u00e0 d&#8217;indagine in ambito privato Infedelt\u00e0 coniugale Verifica della capacit\u00e0 genitoriale Attivit\u00e0 e frequentazioni di figli minori Determinazione\/ revisione assegno di mantenimento dell&#8217;ex coniuge Indagini pre\/ post matrimoniali Ricerca persone scomparse [&hellip;]<\/p>\n","protected":false},"author":1,"featured_media":0,"parent":0,"menu_order":0,"comment_status":"closed","ping_status":"closed","template":"fullwidth.php","meta":{"footnotes":""},"class_list":["post-76","page","type-page","status-publish","hentry"],"_links":{"self":[{"href":"https:\/\/www.investigazionitci.it\/index.php\/wp-json\/wp\/v2\/pages\/76","targetHints":{"allow":["GET"]}}],"collection":[{"href":"https:\/\/www.investigazionitci.it\/index.php\/wp-json\/wp\/v2\/pages"}],"about":[{"href":"https:\/\/www.investigazionitci.it\/index.php\/wp-json\/wp\/v2\/types\/page"}],"author":[{"embeddable":true,"href":"https:\/\/www.investigazionitci.it\/index.php\/wp-json\/wp\/v2\/users\/1"}],"replies":[{"embeddable":true,"href":"https:\/\/www.investigazionitci.it\/index.php\/wp-json\/wp\/v2\/comments?post=76"}],"version-history":[{"count":4,"href":"https:\/\/www.investigazionitci.it\/index.php\/wp-json\/wp\/v2\/pages\/76\/revisions"}],"predecessor-version":[{"id":80,"href":"https:\/\/www.investigazionitci.it\/index.php\/wp-json\/wp\/v2\/pages\/76\/revisions\/80"}],"wp:attachment":[{"href":"https:\/\/www.investigazionitci.it\/index.php\/wp-json\/wp\/v2\/media?parent=76"}],"curies":[{"name":"wp","href":"https:\/\/api.w.org\/{rel}","templated":true}]}}