{"id":22,"date":"2018-08-23T10:21:43","date_gmt":"2018-08-23T08:21:43","guid":{"rendered":"https:\/\/www.investigazionitci.it\/?page_id=22"},"modified":"2019-06-03T09:21:24","modified_gmt":"2019-06-03T07:21:24","slug":"chi-siamo","status":"publish","type":"page","link":"https:\/\/www.investigazionitci.it\/index.php\/chi-siamo\/","title":{"rendered":"Chi siamo"},"content":{"rendered":"<p>[vc_row][vc_column][vc_column_text]La TCI S.r.l. \u00e8 un <strong>istituto di investigazioni private e di sicurezza<\/strong> che da oltre un ventennio esercita attivit\u00e0 info-investigative su territorio nazionale ed estero.<br \/>\nHa sede a <strong>Torino<\/strong>, Via Condove, 11 &#8211; Autorizzazione Prefettizia nr. 26123\/2016\/wa\/area1\/ter.<\/p>\n<p>Per l&#8217;espletamento dei propri compiti si avvale della collaborazione di professionisti provenienti da reparti speciali e territoriali delle Forze di Polizia, ma anche di tecnici informatici, consulenti legali, esperti di diritto internazionale, specialisti nella sicurezza aziendale e nella tutela di marchi e brevetti.<\/p>\n<p>Muovendo da tale ampia disponibilit\u00e0 la societ\u00e0 \u00e8 in grado di offrire:<\/p>\n<ul>\n<li>Attivit\u00e0 d\u2019indagine in ambito privato<\/li>\n<li>Attivit\u00e0 d\u2019indagine difensiva<\/li>\n<li>Attivit\u00e0 d\u2019indagine in ambito aziendale\/ commerciale<\/li>\n<li>Attivit\u00e0 d\u2019indagine in ambito assicurativo<\/li>\n<li>Sicurezza eventi<\/li>\n<li>Servizi di portierato<\/li>\n<li>Bonifiche ambientali da microspie<\/li>\n<li>Security &amp; Safety<\/li>\n<\/ul>\n<p>In occasione di grandi eventi la TCI S.r.l. si \u00e8 aggiudicata numerosi appalti per il mantenimento dell&#8217;ordine e della sicurezza.[\/vc_column_text][\/vc_column][\/vc_row][vc_row][vc_column][vc_custom_heading text=&#8221;Alcuni nostri clienti:&#8221; font_container=&#8221;tag:h4|text_align:center&#8221;][\/vc_column][\/vc_row][vc_row content_placement=&#8221;middle&#8221; css=&#8221;.vc_custom_1535015096804{padding-left: 50px !important;}&#8221;][vc_column width=&#8221;1\/6&#8243;][vc_single_image image=&#8221;37&#8243; alignment=&#8221;center&#8221; onclick=&#8221;custom_link&#8221; img_link_target=&#8221;_blank&#8221; link=&#8221;https:\/\/it.louisvuitton.com\/ita-it\/homepage?campaign=sem_BI-IT-ITA-EC-BRAN-BREX&#8221;][\/vc_column][vc_column width=&#8221;1\/6&#8243;][vc_single_image image=&#8221;71&#8243; alignment=&#8221;center&#8221; onclick=&#8221;custom_link&#8221; img_link_target=&#8221;_blank&#8221; link=&#8221;https:\/\/www.bricoman.it\/n\/orbassano\/&#8221;][\/vc_column][vc_column width=&#8221;1\/6&#8243;][vc_single_image image=&#8221;35&#8243; alignment=&#8221;center&#8221; onclick=&#8221;custom_link&#8221; img_link_target=&#8221;_blank&#8221; link=&#8221;http:\/\/www2.hm.com\/it_it\/index.html&#8221;][\/vc_column][vc_column width=&#8221;1\/6&#8243;][vc_single_image image=&#8221;31&#8243; alignment=&#8221;center&#8221; onclick=&#8221;custom_link&#8221; link=&#8221;https:\/\/www.zara.com\/it\/&#8221;][\/vc_column][vc_column width=&#8221;1\/6&#8243;][vc_single_image image=&#8221;41&#8243; alignment=&#8221;center&#8221;][\/vc_column][\/vc_row][vc_row content_placement=&#8221;middle&#8221; css=&#8221;.vc_custom_1535015413336{padding-left: 50px !important;}&#8221;][vc_column width=&#8221;1\/6&#8243;][vc_single_image image=&#8221;52&#8243; alignment=&#8221;center&#8221; onclick=&#8221;custom_link&#8221; img_link_target=&#8221;_blank&#8221; link=&#8221;https:\/\/le-gru.klepierre.it\/Informativa-sui-cookies&#8221;][\/vc_column][vc_column width=&#8221;1\/6&#8243;][vc_single_image image=&#8221;54&#8243; alignment=&#8221;center&#8221; onclick=&#8221;custom_link&#8221; img_link_target=&#8221;_blank&#8221; link=&#8221;https:\/\/www.unipolsai.it\/homepage&#8221;][\/vc_column][vc_column width=&#8221;1\/6&#8243;][vc_single_image image=&#8221;57&#8243; alignment=&#8221;center&#8221; onclick=&#8221;custom_link&#8221; img_link_target=&#8221;_blank&#8221; link=&#8221;http:\/\/www.comune.torino.it\/&#8221;][\/vc_column][vc_column width=&#8221;1\/6&#8243;][vc_single_image image=&#8221;67&#8243; alignment=&#8221;center&#8221; onclick=&#8221;custom_link&#8221; img_link_target=&#8221;_blank&#8221; link=&#8221;https:\/\/www.nh-hotels.it\/&#8221;][\/vc_column][vc_column width=&#8221;1\/6&#8243;][vc_single_image image=&#8221;221&#8243; alignment=&#8221;center&#8221; onclick=&#8221;custom_link&#8221; img_link_target=&#8221;_blank&#8221; link=&#8221;http:\/\/www.hiltonhotels.it&#8221;][\/vc_column][\/vc_row][vc_row][vc_column][vc_custom_heading text=&#8221;Vedi tutti i nostri clienti&#8221; font_container=&#8221;tag:h5|text_align:center&#8221; link=&#8221;url:https%3A%2F%2Fwww.investigazionitci.it%2Findex.php%2Fclienti%2F|||&#8221;][\/vc_column][\/vc_row][vc_row][vc_column][vc_separator][\/vc_column][\/vc_row][vc_row][vc_column][vc_column_text]<\/p>\n<p style=\"text-align: center;\">Tutti i marchi appartengono ai rispettivi proprietari. Qualora l&#8217;attribuzione di un marchio sia errata contattarci il prima possibile.<\/p>\n<p>[\/vc_column_text][\/vc_column][\/vc_row]<\/p>\n","protected":false},"excerpt":{"rendered":"<p>[vc_row][vc_column][vc_column_text]La TCI S.r.l. \u00e8 un istituto di investigazioni private e di sicurezza che da oltre un ventennio esercita attivit\u00e0 info-investigative su territorio nazionale ed estero. Ha sede a Torino, Via Condove, 11 &#8211; Autorizzazione Prefettizia nr. 26123\/2016\/wa\/area1\/ter. Per l&#8217;espletamento dei propri compiti si avvale della collaborazione di professionisti provenienti da reparti speciali e territoriali delle [&hellip;]<\/p>\n","protected":false},"author":1,"featured_media":0,"parent":0,"menu_order":0,"comment_status":"closed","ping_status":"closed","template":"fullwidth.php","meta":{"footnotes":""},"class_list":["post-22","page","type-page","status-publish","hentry"],"_links":{"self":[{"href":"https:\/\/www.investigazionitci.it\/index.php\/wp-json\/wp\/v2\/pages\/22","targetHints":{"allow":["GET"]}}],"collection":[{"href":"https:\/\/www.investigazionitci.it\/index.php\/wp-json\/wp\/v2\/pages"}],"about":[{"href":"https:\/\/www.investigazionitci.it\/index.php\/wp-json\/wp\/v2\/types\/page"}],"author":[{"embeddable":true,"href":"https:\/\/www.investigazionitci.it\/index.php\/wp-json\/wp\/v2\/users\/1"}],"replies":[{"embeddable":true,"href":"https:\/\/www.investigazionitci.it\/index.php\/wp-json\/wp\/v2\/comments?post=22"}],"version-history":[{"count":37,"href":"https:\/\/www.investigazionitci.it\/index.php\/wp-json\/wp\/v2\/pages\/22\/revisions"}],"predecessor-version":[{"id":229,"href":"https:\/\/www.investigazionitci.it\/index.php\/wp-json\/wp\/v2\/pages\/22\/revisions\/229"}],"wp:attachment":[{"href":"https:\/\/www.investigazionitci.it\/index.php\/wp-json\/wp\/v2\/media?parent=22"}],"curies":[{"name":"wp","href":"https:\/\/api.w.org\/{rel}","templated":true}]}}